{"id":1088,"date":"2016-11-17T00:03:45","date_gmt":"2016-11-17T00:03:45","guid":{"rendered":"http:\/\/www.puertocdelu.com.ar\/puerto\/?page_id=1088"},"modified":"2023-08-25T17:45:32","modified_gmt":"2023-08-25T17:45:32","slug":"contacto","status":"publish","type":"page","link":"https:\/\/www.puertocdelu.com.ar\/index.php\/contacto\/","title":{"rendered":"Contacto"},"content":{"rendered":"<h4><strong>Direcci\u00f3n:<\/strong> Avenida Paysand\u00fa 274<br \/>\nConcepci\u00f3n del Uruguay |\u00a0Entre R\u00edos |\u00a0Argentina<\/h4>\n<h4><strong>Tel\u00e9fono\/Fax:<\/strong> 03442\/422191 (l\u00edneas rotativas)<\/h4>\n<h4><strong>E-mail:<\/strong> eapcu@puertocdelu.com.ar<\/h4>\n<h4><strong>Web:<\/strong> www.puertocdelu.com.ar<br \/>\nSitio oficial del Puerto de Concepci\u00f3n del Uruguay<\/h4>\n","protected":false},"excerpt":{"rendered":"<p>Direcci\u00f3n: Avenida Paysand\u00fa 274 Concepci\u00f3n del Uruguay |\u00a0Entre R\u00edos |\u00a0Argentina Tel\u00e9fono\/Fax: 03442\/422191 (l\u00edneas rotativas) E-mail: eapcu@puertocdelu.com.ar Web: www.puertocdelu.com.ar Sitio oficial del Puerto de Concepci\u00f3n del Uruguay<\/p>\n","protected":false},"author":1,"featured_media":0,"parent":0,"menu_order":0,"comment_status":"closed","ping_status":"closed","template":"","meta":{"footnotes":""},"class_list":["post-1088","page","type-page","status-publish"],"yoast_head":"<!-- This site is optimized with the Yoast SEO plugin v27.4 - https:\/\/yoast.com\/product\/yoast-seo-wordpress\/ -->\n<title>Contacto - Puerto de Concepci\u00f3n del Uruguay<\/title>\n<meta name=\"robots\" content=\"index, follow, max-snippet:-1, max-image-preview:large, max-video-preview:-1\" \/>\n<link rel=\"canonical\" href=\"https:\/\/www.puertocdelu.com.ar\/index.php\/contacto\/\" \/>\n<meta property=\"og:locale\" content=\"es_ES\" \/>\n<meta property=\"og:type\" content=\"article\" \/>\n<meta property=\"og:title\" content=\"Contacto - Puerto de Concepci\u00f3n del Uruguay\" \/>\n<meta property=\"og:description\" content=\"Direcci\u00f3n: Avenida Paysand\u00fa 274 Concepci\u00f3n del Uruguay |\u00a0Entre R\u00edos |\u00a0Argentina Tel\u00e9fono\/Fax: 03442\/422191 (l\u00edneas rotativas) E-mail: eapcu@puertocdelu.com.ar Web: www.puertocdelu.com.ar Sitio oficial del Puerto de Concepci\u00f3n del Uruguay\" \/>\n<meta property=\"og:url\" content=\"https:\/\/www.puertocdelu.com.ar\/index.php\/contacto\/\" \/>\n<meta property=\"og:site_name\" content=\"Puerto de Concepci\u00f3n del Uruguay\" \/>\n<meta property=\"article:modified_time\" content=\"2023-08-25T17:45:32+00:00\" \/>\n<meta name=\"twitter:card\" content=\"summary_large_image\" \/>\n<script type=\"application\/ld+json\" class=\"yoast-schema-graph\">{\"@context\":\"https:\\\/\\\/schema.org\",\"@graph\":[{\"@type\":\"WebPage\",\"@id\":\"https:\\\/\\\/www.puertocdelu.com.ar\\\/index.php\\\/contacto\\\/\",\"url\":\"https:\\\/\\\/www.puertocdelu.com.ar\\\/index.php\\\/contacto\\\/\",\"name\":\"Contacto - Puerto de Concepci\u00f3n del Uruguay\",\"isPartOf\":{\"@id\":\"https:\\\/\\\/www.puertocdelu.com.ar\\\/#website\"},\"datePublished\":\"2016-11-17T00:03:45+00:00\",\"dateModified\":\"2023-08-25T17:45:32+00:00\",\"breadcrumb\":{\"@id\":\"https:\\\/\\\/www.puertocdelu.com.ar\\\/index.php\\\/contacto\\\/#breadcrumb\"},\"inLanguage\":\"es\",\"potentialAction\":[{\"@type\":\"ReadAction\",\"target\":[\"https:\\\/\\\/www.puertocdelu.com.ar\\\/index.php\\\/contacto\\\/\"]}]},{\"@type\":\"BreadcrumbList\",\"@id\":\"https:\\\/\\\/www.puertocdelu.com.ar\\\/index.php\\\/contacto\\\/#breadcrumb\",\"itemListElement\":[{\"@type\":\"ListItem\",\"position\":1,\"name\":\"Portada\",\"item\":\"https:\\\/\\\/www.puertocdelu.com.ar\\\/\"},{\"@type\":\"ListItem\",\"position\":2,\"name\":\"Contacto\"}]},{\"@type\":\"WebSite\",\"@id\":\"https:\\\/\\\/www.puertocdelu.com.ar\\\/#website\",\"url\":\"https:\\\/\\\/www.puertocdelu.com.ar\\\/\",\"name\":\"Puerto de Concepci\u00f3n del Uruguay\",\"description\":\"\",\"potentialAction\":[{\"@type\":\"SearchAction\",\"target\":{\"@type\":\"EntryPoint\",\"urlTemplate\":\"https:\\\/\\\/www.puertocdelu.com.ar\\\/?s={search_term_string}\"},\"query-input\":{\"@type\":\"PropertyValueSpecification\",\"valueRequired\":true,\"valueName\":\"search_term_string\"}}],\"inLanguage\":\"es\"}]}<\/script>\n<!-- \/ Yoast SEO plugin. -->","yoast_head_json":{"title":"Contacto - Puerto de Concepci\u00f3n del Uruguay","robots":{"index":"index","follow":"follow","max-snippet":"max-snippet:-1","max-image-preview":"max-image-preview:large","max-video-preview":"max-video-preview:-1"},"canonical":"https:\/\/www.puertocdelu.com.ar\/index.php\/contacto\/","og_locale":"es_ES","og_type":"article","og_title":"Contacto - Puerto de Concepci\u00f3n del Uruguay","og_description":"Direcci\u00f3n: Avenida Paysand\u00fa 274 Concepci\u00f3n del Uruguay |\u00a0Entre R\u00edos |\u00a0Argentina Tel\u00e9fono\/Fax: 03442\/422191 (l\u00edneas rotativas) E-mail: eapcu@puertocdelu.com.ar Web: www.puertocdelu.com.ar Sitio oficial del Puerto de Concepci\u00f3n del Uruguay","og_url":"https:\/\/www.puertocdelu.com.ar\/index.php\/contacto\/","og_site_name":"Puerto de Concepci\u00f3n del Uruguay","article_modified_time":"2023-08-25T17:45:32+00:00","twitter_card":"summary_large_image","schema":{"@context":"https:\/\/schema.org","@graph":[{"@type":"WebPage","@id":"https:\/\/www.puertocdelu.com.ar\/index.php\/contacto\/","url":"https:\/\/www.puertocdelu.com.ar\/index.php\/contacto\/","name":"Contacto - Puerto de Concepci\u00f3n del Uruguay","isPartOf":{"@id":"https:\/\/www.puertocdelu.com.ar\/#website"},"datePublished":"2016-11-17T00:03:45+00:00","dateModified":"2023-08-25T17:45:32+00:00","breadcrumb":{"@id":"https:\/\/www.puertocdelu.com.ar\/index.php\/contacto\/#breadcrumb"},"inLanguage":"es","potentialAction":[{"@type":"ReadAction","target":["https:\/\/www.puertocdelu.com.ar\/index.php\/contacto\/"]}]},{"@type":"BreadcrumbList","@id":"https:\/\/www.puertocdelu.com.ar\/index.php\/contacto\/#breadcrumb","itemListElement":[{"@type":"ListItem","position":1,"name":"Portada","item":"https:\/\/www.puertocdelu.com.ar\/"},{"@type":"ListItem","position":2,"name":"Contacto"}]},{"@type":"WebSite","@id":"https:\/\/www.puertocdelu.com.ar\/#website","url":"https:\/\/www.puertocdelu.com.ar\/","name":"Puerto de Concepci\u00f3n del Uruguay","description":"","potentialAction":[{"@type":"SearchAction","target":{"@type":"EntryPoint","urlTemplate":"https:\/\/www.puertocdelu.com.ar\/?s={search_term_string}"},"query-input":{"@type":"PropertyValueSpecification","valueRequired":true,"valueName":"search_term_string"}}],"inLanguage":"es"}]}},"_links":{"self":[{"href":"https:\/\/www.puertocdelu.com.ar\/index.php\/wp-json\/wp\/v2\/pages\/1088","targetHints":{"allow":["GET"]}}],"collection":[{"href":"https:\/\/www.puertocdelu.com.ar\/index.php\/wp-json\/wp\/v2\/pages"}],"about":[{"href":"https:\/\/www.puertocdelu.com.ar\/index.php\/wp-json\/wp\/v2\/types\/page"}],"author":[{"embeddable":true,"href":"https:\/\/www.puertocdelu.com.ar\/index.php\/wp-json\/wp\/v2\/users\/1"}],"replies":[{"embeddable":true,"href":"https:\/\/www.puertocdelu.com.ar\/index.php\/wp-json\/wp\/v2\/comments?post=1088"}],"version-history":[{"count":11,"href":"https:\/\/www.puertocdelu.com.ar\/index.php\/wp-json\/wp\/v2\/pages\/1088\/revisions"}],"predecessor-version":[{"id":2652,"href":"https:\/\/www.puertocdelu.com.ar\/index.php\/wp-json\/wp\/v2\/pages\/1088\/revisions\/2652"}],"wp:attachment":[{"href":"https:\/\/www.puertocdelu.com.ar\/index.php\/wp-json\/wp\/v2\/media?parent=1088"}],"curies":[{"name":"wp","href":"https:\/\/api.w.org\/{rel}","templated":true}]}}