{"id":400,"date":"2016-09-11T22:32:59","date_gmt":"2016-09-11T22:32:59","guid":{"rendered":"http:\/\/td_uid_4_57d5db9b368c9"},"modified":"2016-09-11T22:32:59","modified_gmt":"2016-09-11T22:32:59","slug":"homepage-blog","status":"publish","type":"page","link":"https:\/\/www.puertocdelu.com.ar\/index.php\/homepage-blog\/","title":{"rendered":"Homepage &#8211; Blog"},"content":{"rendered":"<div id=\"tdi_1\" class=\"tdc-row\"><div class=\"vc_row tdi_2  wpb_row td-pb-row\" >\n<style scoped>\n\/* custom css - generated by TagDiv Composer *\/\n\n\/* custom css - generated by TagDiv Composer *\/\n.tdi_2,\r\n                .tdi_2 .tdc-columns{\r\n                    min-height: 0;\r\n                }.tdi_2,\r\n\t\t\t\t.tdi_2 .tdc-columns{\r\n\t\t\t\t    display: block;\r\n\t\t\t\t}.tdi_2 .tdc-columns{\r\n\t\t\t\t    width: 100%;\r\n\t\t\t\t}.tdi_2:before,\r\n\t\t\t\t.tdi_2:after{\r\n\t\t\t\t    display: table;\r\n\t\t\t\t}\n<\/style><div class=\"vc_column tdi_4  wpb_column vc_column_container tdc-column td-pb-span12\">\n<style scoped>\n\/* custom css - generated by TagDiv Composer *\/\n\n\/* custom css - generated by TagDiv Composer *\/\n.tdi_4{\r\n                    vertical-align: baseline;\r\n                }.tdi_4 > .wpb_wrapper,\r\n\t\t\t\t.tdi_4 > .wpb_wrapper > .tdc-elements{\r\n\t\t\t\t    display: block;\r\n\t\t\t\t}.tdi_4 > .wpb_wrapper > .tdc-elements{\r\n\t\t\t\t    width: 100%;\r\n\t\t\t\t}.tdi_4 > .wpb_wrapper > .vc_row_inner{\r\n\t\t\t\t    width: auto;\r\n\t\t\t\t}.tdi_4 > .wpb_wrapper{\r\n\t\t\t\t    width: auto;\r\n\t\t\t\t    height: auto;\r\n\t\t\t\t}\n<\/style><div class=\"wpb_wrapper\" ><div class=\"td_block_wrap td_block_big_grid_4 tdi_5 td-grid-style-1 td-hover-1 td-big-grids td-pb-border-top td_block_template_1\"  data-td-block-uid=\"tdi_5\" ><div id=tdi_5 class=\"td_block_inner\"><div class=\"td-big-grid-wrapper\">\r\n        <div class=\"td_module_mx5 td-animation-stack td-big-grid-post-0 td-big-grid-post td-big-thumb\">\r\n            <div class=\"td-module-thumb\"><a href=\"https:\/\/www.puertocdelu.com.ar\/index.php\/2026\/04\/20\/dragado-del-rio-uruguay-una-decision-estrategica-que-consolida-nuestra-integracion\/\"  rel=\"bookmark\" class=\"td-image-wrap \" title=\"Dragado del r\u00edo Uruguay: una decisi\u00f3n estrat\u00e9gica que consolida nuestra integraci\u00f3n\" ><img loading=\"lazy\" decoding=\"async\" class=\"entry-thumb\" src=\"data:image\/png;base64,iVBORw0KGgoAAAANSUhEUgAAAhYAAAHOAQMAAAD+DNJPAAAAA1BMVEWurq51dlI4AAAAAXRSTlMmkutdmwAAADVJREFUeNrtwQENAAAAwiD7p7bHBwwAAAAAAAAAAAAAAAAAAAAAAAAAAAAAAAAAAAAAAICEA3q4AAGK1CNoAAAAAElFTkSuQmCC\" alt=\"\" title=\"Dragado del r\u00edo Uruguay: una decisi\u00f3n estrat\u00e9gica que consolida nuestra integraci\u00f3n\" data-type=\"image_tag\" data-img-url=\"https:\/\/www.puertocdelu.com.ar\/wp-content\/uploads\/2026\/04\/african-raven02-534x462.jpg\"  width=\"534\" height=\"462\" \/><\/a><\/div>            <div class=\"td-meta-info-container\">\r\n                <div class=\"td-meta-align\">\r\n                    <div class=\"td-big-grid-meta\">\r\n                        <a href=\"https:\/\/www.puertocdelu.com.ar\/index.php\/category\/noticias\/\" class=\"td-post-category\" >Noticias<\/a>                        <h3 class=\"entry-title td-module-title\"><a href=\"https:\/\/www.puertocdelu.com.ar\/index.php\/2026\/04\/20\/dragado-del-rio-uruguay-una-decision-estrategica-que-consolida-nuestra-integracion\/\"  rel=\"bookmark\" title=\"Dragado del r\u00edo Uruguay: una decisi\u00f3n estrat\u00e9gica que consolida nuestra integraci\u00f3n\">Dragado del r\u00edo Uruguay: una decisi\u00f3n estrat\u00e9gica que consolida nuestra integraci\u00f3n<\/a><\/h3>                    <\/div>\r\n                    <div class=\"td-module-meta-info\">\r\n                                                <span class=\"td-post-date\"><time class=\"entry-date updated td-module-date\" datetime=\"2026-04-20T22:05:39+00:00\" >20 abril, 2026<\/time><\/span>                    <\/div>\r\n                <\/div>\r\n            <\/div>\r\n\r\n        <\/div>\r\n\r\n        \r\n        <div class=\"td_module_mx5 td-animation-stack td-big-grid-post-1 td-big-grid-post td-big-thumb\">\r\n            <div class=\"td-module-thumb\"><a href=\"https:\/\/www.puertocdelu.com.ar\/index.php\/2026\/04\/12\/el-puerto-suma-embarques-de-graneles-y-madera-mientras-se-acopia-maiz-y-arroz\/\"  rel=\"bookmark\" class=\"td-image-wrap \" title=\"El puerto suma embarques de graneles y madera, mientras se acopia ma\u00edz y arroz\" ><img loading=\"lazy\" decoding=\"async\" class=\"entry-thumb\" src=\"data:image\/png;base64,iVBORw0KGgoAAAANSUhEUgAAAhYAAAHOAQMAAAD+DNJPAAAAA1BMVEWurq51dlI4AAAAAXRSTlMmkutdmwAAADVJREFUeNrtwQENAAAAwiD7p7bHBwwAAAAAAAAAAAAAAAAAAAAAAAAAAAAAAAAAAAAAAICEA3q4AAGK1CNoAAAAAElFTkSuQmCC\" alt=\"\" title=\"El puerto suma embarques de graneles y madera, mientras se acopia ma\u00edz y arroz\" data-type=\"image_tag\" data-img-url=\"https:\/\/www.puertocdelu.com.ar\/wp-content\/uploads\/2026\/04\/BALANCEADO-04-534x462.jpg\"  width=\"534\" height=\"462\" \/><\/a><\/div>            <div class=\"td-meta-info-container\">\r\n                <div class=\"td-meta-align\">\r\n                    <div class=\"td-big-grid-meta\">\r\n                        <a href=\"https:\/\/www.puertocdelu.com.ar\/index.php\/category\/noticias\/\" class=\"td-post-category\" >Noticias<\/a>                        <h3 class=\"entry-title td-module-title\"><a href=\"https:\/\/www.puertocdelu.com.ar\/index.php\/2026\/04\/12\/el-puerto-suma-embarques-de-graneles-y-madera-mientras-se-acopia-maiz-y-arroz\/\"  rel=\"bookmark\" title=\"El puerto suma embarques de graneles y madera, mientras se acopia ma\u00edz y arroz\">El puerto suma embarques de graneles y madera, mientras se acopia ma\u00edz y arroz<\/a><\/h3>                    <\/div>\r\n                    <div class=\"td-module-meta-info\">\r\n                                                <span class=\"td-post-date\"><time class=\"entry-date updated td-module-date\" datetime=\"2026-04-12T20:42:57+00:00\" >12 abril, 2026<\/time><\/span>                    <\/div>\r\n                <\/div>\r\n            <\/div>\r\n\r\n        <\/div>\r\n\r\n        <\/div><div class=\"clearfix\"><\/div><\/div><\/div> <!-- .\/block --><div class=\"wpb_wrapper wpb_text_column td_block_wrap td_block_wrap vc_column_text tdi_6 import_blog_quote tagdiv-type td-pb-border-top td_block_template_1\"  data-td-block-uid=\"tdi_6\" >\n<style>\n\/* custom css - generated by TagDiv Composer *\/\n.vc_column_text > .td-element-style{\r\n\t\t\t\t\tz-index: -1;\r\n\t\t\t\t}\n<\/style><div class=\"td-fix-index\"><blockquote><p><strong>\u00ab<\/strong>Sometimes the simplest things are the most profound. My job is to bring out in people &amp; what they wouldn&#8217;t dare do themselves<strong>\u00ab<\/strong><\/p><\/blockquote>\n<\/div><\/div><\/div><\/div><\/div><\/div>","protected":false},"excerpt":{"rendered":"","protected":false},"author":1,"featured_media":0,"parent":0,"menu_order":0,"comment_status":"open","ping_status":"closed","template":"page-pagebuilder-latest.php","meta":{"footnotes":""},"class_list":["post-400","page","type-page","status-publish"],"yoast_head":"<!-- This site is optimized with the Yoast SEO plugin v27.4 - https:\/\/yoast.com\/product\/yoast-seo-wordpress\/ -->\n<title>Homepage - Blog - Puerto de Concepci\u00f3n del Uruguay<\/title>\n<meta name=\"robots\" content=\"index, follow, max-snippet:-1, max-image-preview:large, max-video-preview:-1\" \/>\n<link rel=\"canonical\" href=\"https:\/\/www.puertocdelu.com.ar\/index.php\/homepage-blog\/\" \/>\n<meta property=\"og:locale\" content=\"es_ES\" \/>\n<meta property=\"og:type\" content=\"article\" \/>\n<meta property=\"og:title\" content=\"Homepage - Blog - Puerto de Concepci\u00f3n del Uruguay\" \/>\n<meta property=\"og:url\" content=\"https:\/\/www.puertocdelu.com.ar\/index.php\/homepage-blog\/\" \/>\n<meta property=\"og:site_name\" content=\"Puerto de Concepci\u00f3n del Uruguay\" \/>\n<meta name=\"twitter:card\" content=\"summary_large_image\" \/>\n<script type=\"application\/ld+json\" class=\"yoast-schema-graph\">{\"@context\":\"https:\\\/\\\/schema.org\",\"@graph\":[{\"@type\":\"WebPage\",\"@id\":\"https:\\\/\\\/www.puertocdelu.com.ar\\\/index.php\\\/homepage-blog\\\/\",\"url\":\"https:\\\/\\\/www.puertocdelu.com.ar\\\/index.php\\\/homepage-blog\\\/\",\"name\":\"Homepage - Blog - Puerto de Concepci\u00f3n del Uruguay\",\"isPartOf\":{\"@id\":\"https:\\\/\\\/www.puertocdelu.com.ar\\\/#website\"},\"datePublished\":\"2016-09-11T22:32:59+00:00\",\"breadcrumb\":{\"@id\":\"https:\\\/\\\/www.puertocdelu.com.ar\\\/index.php\\\/homepage-blog\\\/#breadcrumb\"},\"inLanguage\":\"es\",\"potentialAction\":[{\"@type\":\"ReadAction\",\"target\":[\"https:\\\/\\\/www.puertocdelu.com.ar\\\/index.php\\\/homepage-blog\\\/\"]}]},{\"@type\":\"BreadcrumbList\",\"@id\":\"https:\\\/\\\/www.puertocdelu.com.ar\\\/index.php\\\/homepage-blog\\\/#breadcrumb\",\"itemListElement\":[{\"@type\":\"ListItem\",\"position\":1,\"name\":\"Portada\",\"item\":\"https:\\\/\\\/www.puertocdelu.com.ar\\\/\"},{\"@type\":\"ListItem\",\"position\":2,\"name\":\"Homepage &#8211; Blog\"}]},{\"@type\":\"WebSite\",\"@id\":\"https:\\\/\\\/www.puertocdelu.com.ar\\\/#website\",\"url\":\"https:\\\/\\\/www.puertocdelu.com.ar\\\/\",\"name\":\"Puerto de Concepci\u00f3n del Uruguay\",\"description\":\"\",\"potentialAction\":[{\"@type\":\"SearchAction\",\"target\":{\"@type\":\"EntryPoint\",\"urlTemplate\":\"https:\\\/\\\/www.puertocdelu.com.ar\\\/?s={search_term_string}\"},\"query-input\":{\"@type\":\"PropertyValueSpecification\",\"valueRequired\":true,\"valueName\":\"search_term_string\"}}],\"inLanguage\":\"es\"}]}<\/script>\n<!-- \/ Yoast SEO plugin. -->","yoast_head_json":{"title":"Homepage - Blog - Puerto de Concepci\u00f3n del Uruguay","robots":{"index":"index","follow":"follow","max-snippet":"max-snippet:-1","max-image-preview":"max-image-preview:large","max-video-preview":"max-video-preview:-1"},"canonical":"https:\/\/www.puertocdelu.com.ar\/index.php\/homepage-blog\/","og_locale":"es_ES","og_type":"article","og_title":"Homepage - Blog - Puerto de Concepci\u00f3n del Uruguay","og_url":"https:\/\/www.puertocdelu.com.ar\/index.php\/homepage-blog\/","og_site_name":"Puerto de Concepci\u00f3n del Uruguay","twitter_card":"summary_large_image","schema":{"@context":"https:\/\/schema.org","@graph":[{"@type":"WebPage","@id":"https:\/\/www.puertocdelu.com.ar\/index.php\/homepage-blog\/","url":"https:\/\/www.puertocdelu.com.ar\/index.php\/homepage-blog\/","name":"Homepage - Blog - Puerto de Concepci\u00f3n del Uruguay","isPartOf":{"@id":"https:\/\/www.puertocdelu.com.ar\/#website"},"datePublished":"2016-09-11T22:32:59+00:00","breadcrumb":{"@id":"https:\/\/www.puertocdelu.com.ar\/index.php\/homepage-blog\/#breadcrumb"},"inLanguage":"es","potentialAction":[{"@type":"ReadAction","target":["https:\/\/www.puertocdelu.com.ar\/index.php\/homepage-blog\/"]}]},{"@type":"BreadcrumbList","@id":"https:\/\/www.puertocdelu.com.ar\/index.php\/homepage-blog\/#breadcrumb","itemListElement":[{"@type":"ListItem","position":1,"name":"Portada","item":"https:\/\/www.puertocdelu.com.ar\/"},{"@type":"ListItem","position":2,"name":"Homepage &#8211; Blog"}]},{"@type":"WebSite","@id":"https:\/\/www.puertocdelu.com.ar\/#website","url":"https:\/\/www.puertocdelu.com.ar\/","name":"Puerto de Concepci\u00f3n del Uruguay","description":"","potentialAction":[{"@type":"SearchAction","target":{"@type":"EntryPoint","urlTemplate":"https:\/\/www.puertocdelu.com.ar\/?s={search_term_string}"},"query-input":{"@type":"PropertyValueSpecification","valueRequired":true,"valueName":"search_term_string"}}],"inLanguage":"es"}]}},"_links":{"self":[{"href":"https:\/\/www.puertocdelu.com.ar\/index.php\/wp-json\/wp\/v2\/pages\/400","targetHints":{"allow":["GET"]}}],"collection":[{"href":"https:\/\/www.puertocdelu.com.ar\/index.php\/wp-json\/wp\/v2\/pages"}],"about":[{"href":"https:\/\/www.puertocdelu.com.ar\/index.php\/wp-json\/wp\/v2\/types\/page"}],"author":[{"embeddable":true,"href":"https:\/\/www.puertocdelu.com.ar\/index.php\/wp-json\/wp\/v2\/users\/1"}],"replies":[{"embeddable":true,"href":"https:\/\/www.puertocdelu.com.ar\/index.php\/wp-json\/wp\/v2\/comments?post=400"}],"version-history":[{"count":0,"href":"https:\/\/www.puertocdelu.com.ar\/index.php\/wp-json\/wp\/v2\/pages\/400\/revisions"}],"wp:attachment":[{"href":"https:\/\/www.puertocdelu.com.ar\/index.php\/wp-json\/wp\/v2\/media?parent=400"}],"curies":[{"name":"wp","href":"https:\/\/api.w.org\/{rel}","templated":true}]}}